{"id":65,"date":"2023-04-19T21:43:03","date_gmt":"2023-04-19T19:43:03","guid":{"rendered":"https:\/\/digitalecommunication.com\/?page_id=65"},"modified":"2023-12-04T21:08:34","modified_gmt":"2023-12-04T20:08:34","slug":"mentions-legales","status":"publish","type":"page","link":"https:\/\/digitalecommunication.com\/index.php\/mentions-legales\/","title":{"rendered":"Mentions L\u00e9gales"},"content":{"rendered":"\t\t<div data-elementor-type=\"wp-page\" data-elementor-id=\"65\" class=\"elementor elementor-65\" data-elementor-post-type=\"page\">\n\t\t\t\t<div class=\"elementor-element elementor-element-79a118e e-flex e-con-boxed e-con e-parent\" data-id=\"79a118e\" data-element_type=\"container\" data-e-type=\"container\" data-settings=\"{&quot;background_background&quot;:&quot;classic&quot;}\">\n\t\t\t\t\t<div class=\"e-con-inner\">\n\t\t\t\t<div class=\"elementor-element elementor-element-9193a80 elementor-widget elementor-widget-heading\" data-id=\"9193a80\" data-element_type=\"widget\" data-e-type=\"widget\" data-widget_type=\"heading.default\">\n\t\t\t\t<div class=\"elementor-widget-container\">\n\t\t\t\t\t<h1 class=\"elementor-heading-title elementor-size-default\">Mentions L\u00e9gales<\/h1>\t\t\t\t<\/div>\n\t\t\t\t<\/div>\n\t\t\t\t\t<\/div>\n\t\t\t\t<\/div>\n\t\t\t\t<section class=\"elementor-section elementor-top-section elementor-element elementor-element-dc83859 elementor-section-boxed elementor-section-height-default elementor-section-height-default\" data-id=\"dc83859\" data-element_type=\"section\" data-e-type=\"section\">\n\t\t\t\t\t\t<div class=\"elementor-container elementor-column-gap-default\">\n\t\t\t\t\t<div class=\"elementor-column elementor-col-100 elementor-top-column elementor-element elementor-element-a45723c\" data-id=\"a45723c\" data-element_type=\"column\" data-e-type=\"column\">\n\t\t\t<div class=\"elementor-widget-wrap elementor-element-populated\">\n\t\t\t\t\t\t<div class=\"elementor-element elementor-element-a1509fb elementor-widget elementor-widget-text-editor\" data-id=\"a1509fb\" data-element_type=\"widget\" data-e-type=\"widget\" data-widget_type=\"text-editor.default\">\n\t\t\t\t<div class=\"elementor-widget-container\">\n\t\t\t\t\t\t\t\t\t<p><strong>1. Pr\u00e9sentation du site.<\/strong><\/p>\n<p>En vertu de l\u2019article 6 de la loi n\u00b0 2004-575 du 21 juin 2004 pour la confiance dans l\u2019\u00e9conomie num\u00e9rique, il est pr\u00e9cis\u00e9 aux utilisateurs du site www.digitalecommunication.com l\u2019identit\u00e9 des diff\u00e9rents intervenants dans le cadre de sa r\u00e9alisation et de son suivi :<\/p>\n<p><strong>Propri\u00e9taire<\/strong>&nbsp;:&nbsp;<\/p>\n<p>CORMERAIS D\u00e9borah Freelance<\/p>\n<p>NUMERO DE SIRET<\/p>\n<p>3 rue Desdouits 61270 Rai<\/p>\n<p>MONTANT DU CAPITAL SOCIAL<\/p>\n<p>cormerais.deborah@gmail.com<\/p>\n<p>06.60.96.19.02<\/p>\n<p><strong>CR\u00c9ATEUR DU SITE<br><\/strong>Digitale Communication<\/p>\n<p>3 rue Desdouits 61270 Rai<br><a href=\"https:\/\/www.ovh.com\/manager\/#\/web\/hosting\/unmondt.cluster031.hosting.ovh.net\/module\" rel=\"nofollow noopener\" target=\"_blank\">www.digitalecommunication.com<\/a><br>0660961902<strong><\/strong><\/p><strong>\n<\/strong><p><strong>H\u00c9BERGEUR DU SITE :<\/strong><br>OVH<br>https:\/\/www.ovh.com<\/p>\n<p><strong>2. Conditions g\u00e9n\u00e9rales d\u2019utilisation du site et des services propos\u00e9s.<\/strong><\/p>\n<p>L\u2019utilisation du site www.digitalecommunication.com implique l\u2019acceptation pleine et enti\u00e8re des conditions g\u00e9n\u00e9rales d\u2019utilisation ci-apr\u00e8s d\u00e9crites. Ces conditions d\u2019utilisation sont susceptibles d\u2019\u00eatre modifi\u00e9es ou compl\u00e9t\u00e9es \u00e0 tout moment, les utilisateurs du site www.digitalecommunication.com sont donc invit\u00e9s \u00e0 les consulter de mani\u00e8re r\u00e9guli\u00e8re.<\/p>\n<p>Ce site est normalement accessible \u00e0 tout moment aux utilisateurs. Une interruption pour raison de maintenance technique peut \u00eatre toutefois d\u00e9cid\u00e9e par Deborah Cormerais Freelance.<\/p>\n<p>Ce site est propos\u00e9 en diff\u00e9rents langages web. Pour un meilleur confort d\u2019utilisation et un graphisme plus agr\u00e9able, nous vous recommandons de recourir \u00e0 des navigateurs modernes comme Internet explorer, Safari, Firefox, Google Chrome\u2026<\/p>\n<p><strong>3. Description des services fournis.<\/strong><\/p>\n<p>Le site a pour objet de fournir une information concernant l\u2019ensemble des activit\u00e9s de la soci\u00e9t\u00e9.<\/p>\n<p>VOTRE RAISON SOCIALE s\u2019efforce de fournir sur ce site des informations aussi pr\u00e9cises que possible. Toutefois, il ne pourra \u00eatre tenue responsable des omissions, des inexactitudes et des carences dans la mise \u00e0 jour, qu\u2019elles soient de son fait ou du fait des tiers partenaires qui lui fournissent ces informations.<\/p>\n<p>Tous les informations indiqu\u00e9es sur le site sont donn\u00e9es \u00e0 titre indicatif, et sont susceptibles d\u2019\u00e9voluer. Par ailleurs, les renseignements figurant sur ce site ne sont pas exhaustifs. Ils sont donn\u00e9s sous r\u00e9serve de modifications ayant \u00e9t\u00e9 apport\u00e9es depuis leur mise en ligne.<\/p>\n<p><strong>4. Limitations contractuelles sur les donn\u00e9es techniques.<\/strong><\/p>\n<p>Les informations contenues sur ce site sont aussi pr\u00e9cises que possible et le site remis \u00e0 jour \u00e0 diff\u00e9rentes p\u00e9riodes de l\u2019ann\u00e9e, mais peut toutefois contenir des inexactitudes ou des omissions. Si vous constatez une lacune, erreur ou ce qui parait \u00eatre un dysfonctionnement, merci de bien vouloir le signaler par email.<\/p>\n<p>Tout contenu t\u00e9l\u00e9charg\u00e9 se fait aux risques et p\u00e9rils de l\u2019utilisateur et sous sa seule responsabilit\u00e9. En cons\u00e9quence, ne saurait \u00eatre tenu responsable d\u2019un quelconque dommage subi par l\u2019ordinateur de l\u2019utilisateur ou d\u2019une quelconque perte de donn\u00e9es cons\u00e9cutives au t\u00e9l\u00e9chargement. De plus, l\u2019utilisateur du site s\u2019engage \u00e0 acc\u00e9der au site en utilisant un mat\u00e9riel r\u00e9cent, ne contenant pas de virus et avec un navigateur de derni\u00e8re g\u00e9n\u00e9ration mis-\u00e0-jour.<\/p>\n<p>Les liens hypertextes mis en place dans le cadre du pr\u00e9sent site internet en direction d\u2019autres ressources pr\u00e9sentes sur le r\u00e9seau Internet ne sauraient engager la responsabilit\u00e9 de Cormerais Deborah.<\/p>\n<p><strong>5. Propri\u00e9t\u00e9 intellectuelle et contrefa\u00e7ons.<\/strong><\/p>\n<p>Tout le contenu du pr\u00e9sent site www.digitalecommunication.com incluant, de fa\u00e7on non limitative, les graphismes, images, textes, vid\u00e9os, animations, sons, logos, gifs et ic\u00f4nes ainsi que leur mise en forme sont la propri\u00e9t\u00e9 exclusive de la soci\u00e9t\u00e9 \u00e0 l\u2019exception des marques, logos ou contenus appartenant \u00e0 d\u2019autres soci\u00e9t\u00e9s partenaires ou auteurs.<\/p>\n<p>Toute reproduction, distribution, modification, adaptation, retransmission ou publication, m\u00eame partielle, de ces diff\u00e9rents \u00e9l\u00e9ments est strictement interdite sans l\u2019accord expr\u00e8s par \u00e9crit de Cormerais D\u00e9borah Freelance. Cette repr\u00e9sentation ou reproduction, par quelque proc\u00e9d\u00e9 que ce soit, constitue une contrefa\u00e7on sanctionn\u00e9e par les articles L.335-2 et suivants du Code de la propri\u00e9t\u00e9 intellectuelle. Le non-respect de cette interdiction constitue une contrefa\u00e7on pouvant engager la responsabilit\u00e9 civile et p\u00e9nale du contrefacteur. En outre, les propri\u00e9taires des contenus copi\u00e9s pourraient intenter une action en justice \u00e0 votre encontre.<\/p>\n<p><strong>6. Limitations de responsabilit\u00e9.<\/strong><\/p>\n<p>Cormerais D\u00e9borah Freelance ne pourra \u00eatre tenu responsable des dommages directs et indirects caus\u00e9s au mat\u00e9riel de l\u2019utilisateur, lors de l\u2019acc\u00e8s au site www.digitalecommunication.com et r\u00e9sultant soit de l\u2019utilisation d\u2019un mat\u00e9riel ne r\u00e9pondant pas aux sp\u00e9cifications indiqu\u00e9es au point 4, soit de l\u2019apparition d\u2019un bug ou d\u2019une incompatibilit\u00e9.<\/p>\n<p>Cormerais D\u00e9borah Freelance ne pourra \u00e9galement \u00eatre tenu responsable des dommages indirects (tels par exemple qu\u2019une perte de march\u00e9 ou perte d\u2019une chance) cons\u00e9cutifs \u00e0 l\u2019utilisation du site www.digitalecommunication.com<\/p>\n<p>Des espaces interactifs (ex&nbsp;: possibilit\u00e9 de poser des questions dans l\u2019espace contact) sont \u00e0 la disposition des utilisateurs. Cormerais D\u00e9borah Freelance se r\u00e9serve le droit de supprimer, sans mise en demeure pr\u00e9alable, tout contenu d\u00e9pos\u00e9 dans cet espace qui contreviendrait \u00e0 la l\u00e9gislation applicable en France, en particulier aux dispositions relatives \u00e0 la protection des donn\u00e9es. Le cas \u00e9ch\u00e9ant, Cormerais D\u00e9borah Freelance se r\u00e9serve \u00e9galement la possibilit\u00e9 de mettre en cause la responsabilit\u00e9 civile et\/ou p\u00e9nale de l\u2019utilisateur, notamment en cas de message \u00e0 caract\u00e8re raciste, sexiste, injurieux, diffamant, ou pornographique, quel que soit le support utilis\u00e9 (texte, photographie\u2026).<\/p>\n<p><strong>7. Gestion des donn\u00e9es personnelles.<\/strong><\/p>\n<p>De mani\u00e8re g\u00e9n\u00e9rale, vous n\u2019\u00eates pas tenu de nous communiquer vos donn\u00e9es personnelles lorsque vous visitez notre site Internet www.digitalecommunication.com.<\/p>\n<p>Cependant, ce principe comporte certaines exceptions. En effet, pour certains services propos\u00e9s par notre site, vous pouvez \u00eatre amen\u00e9s \u00e0 nous communiquer certaines donn\u00e9es telles que : votre nom, votre fonction, le nom de votre soci\u00e9t\u00e9, votre adresse \u00e9lectronique, et votre num\u00e9ro de t\u00e9l\u00e9phone. Tel est le cas lorsque vous remplissez le formulaire qui vous est propos\u00e9 en ligne, dans la rubrique \u00ab contact \u00bb.<\/p>\n<p>Dans tous les cas, vous pouvez refuser de fournir vos donn\u00e9es personnelles. Dans ce cas, vous ne pourrez pas utiliser les services du site, notamment celui de solliciter des renseignements sur notre soci\u00e9t\u00e9, ou de recevoir les lettres d\u2019information.<\/p>\n<p>Enfin, nous pouvons collecter de mani\u00e8re automatique certaines informations vous concernant lors d\u2019une simple navigation sur notre site Internet, notamment : des informations concernant l\u2019utilisation de notre site, comme les zones que vous visitez et les services auxquels vous acc\u00e9dez, votre adresse IP, le type de votre navigateur, vos temps d\u2019acc\u00e8s.<\/p>\n<p>De telles informations sont utilis\u00e9es exclusivement \u00e0 des fins de statistiques internes, de mani\u00e8re \u00e0 am\u00e9liorer la qualit\u00e9 des services qui vous sont propos\u00e9s. Les bases de donn\u00e9es sont prot\u00e9g\u00e9es par les dispositions de la loi du 1er juillet 1998 transposant la directive 96\/9 du 11 mars 1996 relative \u00e0 la protection juridique des bases de donn\u00e9es.<\/p>\n<p>Conform\u00e9ment aux dispositions des articles 38 et suivants de la loi 78-17 du 6 janvier 1978 relative \u00e0 l\u2019informatique, aux fichiers et aux libert\u00e9s, tout utilisateur dispose d\u2019un droit d\u2019acc\u00e8s, de rectification et d\u2019opposition aux donn\u00e9es personnelles le concernant, en effectuant sa demande \u00e9crite et sign\u00e9e, accompagn\u00e9e d\u2019une copie du titre d\u2019identit\u00e9 avec signature du titulaire de la pi\u00e8ce, en pr\u00e9cisant l\u2019adresse \u00e0 laquelle la r\u00e9ponse doit \u00eatre envoy\u00e9e.<\/p>\n<p>Aucune information personnelle de l\u2019utilisateur du site www.digitalecommunication.com n\u2019est publi\u00e9e \u00e0 l\u2019insu de l\u2019utilisateur, \u00e9chang\u00e9e, transf\u00e9r\u00e9e, c\u00e9d\u00e9e ou vendue sur un support quelconque \u00e0 des tiers. Seule l\u2019hypoth\u00e8se du rachat de Cormerais D\u00e9borah Freelance et de ses droits permettrait la transmission des dites informations \u00e0 l\u2019\u00e9ventuel acqu\u00e9reur qui serait \u00e0 son tour tenu de la m\u00eame obligation de conservation et de modification des donn\u00e9es vis \u00e0 vis de l\u2019utilisateur du site www.digitalecommunication.com<\/p>\n<p>Le site n\u2019est pas d\u00e9clar\u00e9 \u00e0 la CNIL car il ne recueille pas d\u2019informations personnelles.<br>(OU EST DECLARE A LA CNIL SOUS LE NUMERO&nbsp;:\u2026\u2026\u2026\u2026\u2026\u2026\u2026.)<\/p>\n<p>Les bases de donn\u00e9es sont prot\u00e9g\u00e9es par les dispositions de la loi du 1er juillet 1998 transposant la directive 96\/9 du 11 mars 1996 relative \u00e0 la protection juridique des bases de donn\u00e9es.<\/p>\n<p><strong>8. Liens hypertextes et cookies.<\/strong><\/p>\n<p>Les sites internet peuvent offrir des liens vers d\u2019autres sites internet ou d\u2019autres ressources disponibles sur Internet. Cormerais D\u00e9borah Freelance ne dispose d\u2019aucun moyen pour contr\u00f4ler les sites en connexion avec ces sites internet et ne r\u00e9pond pas de la disponibilit\u00e9 de tels sites et sources externes, ni ne la garantit. Cormerais D\u00e9borah Freelance ne peut \u00eatre tenu pour responsable de tout dommage, de quelque nature que ce soit, r\u00e9sultant du contenu de ces sites ou sources externes, et notamment des informations, produits ou services qu\u2019ils proposent, ou de tout usage qui peut \u00eatre fait de ces \u00e9l\u00e9ments. Les risques li\u00e9s \u00e0 cette utilisation incombent pleinement \u00e0 l\u2019internaute, qui doit se conformer \u00e0 leurs conditions d\u2019utilisation.&nbsp;<\/p>\n<p>Les utilisateurs, les abonn\u00e9s et les visiteurs ne peuvent pas mettre en place un hyperlien en direction de ce site sans l\u2019autorisation expresse et pr\u00e9alable de Cormerais D\u00e9borah Freelance.<\/p>\n<p>Dans l\u2019hypoth\u00e8se o\u00f9 un utilisateur ou visiteur souhaiterait mettre en place un hyperlien en direction d\u2019un des sites internet de Cormerais D\u00e9borah Freelance, il lui appartiendra d\u2019adresser un email accessible sur le site afin de formuler sa demande de mise en place d\u2019un hyperlien. Cormerais D\u00e9borah Freelance se r\u00e9serve le droit d\u2019accepter ou de refuser un hyperlien sans avoir \u00e0 en justifier sa d\u00e9cision.<\/p>\n<p>La navigation sur le site www.digitalecommunication.com est susceptible de provoquer l\u2019installation de cookie(s) sur l\u2019ordinateur de l\u2019utilisateur. Un cookie est un fichier de petite taille, qui ne permet pas l\u2019identification de l\u2019utilisateur, mais qui enregistre des informations relatives \u00e0 la navigation d\u2019un ordinateur sur un site. Les donn\u00e9es ainsi obtenues visent \u00e0 faciliter la navigation ult\u00e9rieure sur le site, et ont \u00e9galement vocation \u00e0 permettre diverses mesures de fr\u00e9quentation.<\/p>\n<p>Le refus d\u2019installation d\u2019un cookie peut entra\u00eener l\u2019impossibilit\u00e9 d\u2019acc\u00e9der \u00e0 certains services. L\u2019utilisateur peut toutefois configurer son ordinateur de la mani\u00e8re suivante, pour refuser l\u2019installation des cookies :<\/p>\n<p>Sous Internet Explorer : onglet outil (pictogramme en forme de rouage en haut \u00e0 droite) \/ options internet. Cliquez sur Confidentialit\u00e9 et choisissez Bloquer tous les cookies. Validez sur Ok.<\/p>\n<p>Sous Firefox : en haut de la fen\u00eatre du navigateur, cliquez sur le bouton Firefox, puis aller dans l\u2019onglet Options. Cliquer sur l\u2019onglet Vie priv\u00e9e. Param\u00e9trez les R\u00e8gles de conservation sur : utiliser les param\u00e8tres personnalis\u00e9s pour l\u2019historique. Enfin d\u00e9cochez-la pour d\u00e9sactiver les cookies.<\/p>\n<p>Sous Safari : Cliquez en haut \u00e0 droite du navigateur sur le pictogramme de menu (symbolis\u00e9 par un rouage). S\u00e9lectionnez Param\u00e8tres. Cliquez sur Afficher les param\u00e8tres avanc\u00e9s. Dans la section \u00ab&nbsp;Confidentialit\u00e9&nbsp;\u00bb, cliquez sur Param\u00e8tres de contenu. Dans la section \u00ab&nbsp;Cookies&nbsp;\u00bb, vous pouvez bloquer les cookies.<\/p>\n<p>Sous Chrome : Cliquez en haut \u00e0 droite du navigateur sur le pictogramme de menu (symbolis\u00e9 par trois lignes horizontales). S\u00e9lectionnez Param\u00e8tres. Cliquez sur Afficher les param\u00e8tres avanc\u00e9s. Dans la section \u00ab&nbsp;Confidentialit\u00e9&nbsp;\u00bb, cliquez sur pr\u00e9f\u00e9rences. Dans l\u2019onglet \u00ab&nbsp;Confidentialit\u00e9&nbsp;\u00bb, vous pouvez bloquer les cookies.<\/p>\n<p><strong>9. Droit applicable et attribution de juridiction.<\/strong><\/p>\n<p>Tout litige en relation avec l\u2019utilisation du site www.digitalecommunication.com est soumis au droit fran\u00e7ais. Il est fait attribution exclusive de juridiction au tribunal de Rai.<\/p>\n<p><strong>10. Les principales lois concern\u00e9es.<\/strong><\/p>\n<p>Loi n\u00b0 78-17 du 6 janvier 1978, notamment modifi\u00e9e par la loi n\u00b0 2004-801 du 6 ao\u00fbt 2004 relative \u00e0 l\u2019informatique, aux fichiers et aux libert\u00e9s.<\/p>\n<p>Loi n\u00b0 2004-575 du 21 juin 2004 pour la confiance dans l\u2019\u00e9conomie num\u00e9rique.<\/p>\n<p><strong>11. Lexique.<\/strong><\/p>\n<p>Utilisateur : Internaute se connectant, utilisant le site susnomm\u00e9.<\/p>\n<p>Informations personnelles : \u00ab les informations qui permettent, sous quelque forme que ce soit, directement ou non, l\u2019identification des personnes physiques auxquelles elles s\u2019appliquent \u00bb (article 4 de la loi n\u00b0 78-17 du 6 janvier 1978).<\/p>\t\t\t\t\t\t\t\t<\/div>\n\t\t\t\t<\/div>\n\t\t\t\t\t<\/div>\n\t\t<\/div>\n\t\t\t\t\t<\/div>\n\t\t<\/section>\n\t\t\t\t<\/div>\n\t\t","protected":false},"excerpt":{"rendered":"<p>Mentions L\u00e9gales 1. Pr\u00e9sentation du site. En vertu de l\u2019article 6 de la loi n\u00b0 2004-575 du 21 juin 2004 pour la confiance dans l\u2019\u00e9conomie num\u00e9rique, il est pr\u00e9cis\u00e9 aux utilisateurs du site www.digitalecommunication.com l\u2019identit\u00e9 des diff\u00e9rents intervenants dans le cadre de sa r\u00e9alisation et de son suivi : Propri\u00e9taire&nbsp;:&nbsp; CORMERAIS D\u00e9borah Freelance NUMERO DE [&hellip;]<\/p>\n","protected":false},"author":1,"featured_media":0,"parent":0,"menu_order":0,"comment_status":"closed","ping_status":"closed","template":"","meta":{"ocean_post_layout":"","ocean_both_sidebars_style":"","ocean_both_sidebars_content_width":0,"ocean_both_sidebars_sidebars_width":0,"ocean_sidebar":"","ocean_second_sidebar":"","ocean_disable_margins":"enable","ocean_add_body_class":"","ocean_shortcode_before_top_bar":"","ocean_shortcode_after_top_bar":"","ocean_shortcode_before_header":"","ocean_shortcode_after_header":"","ocean_has_shortcode":"","ocean_shortcode_after_title":"","ocean_shortcode_before_footer_widgets":"","ocean_shortcode_after_footer_widgets":"","ocean_shortcode_before_footer_bottom":"","ocean_shortcode_after_footer_bottom":"","ocean_display_top_bar":"default","ocean_display_header":"default","ocean_header_style":"","ocean_center_header_left_menu":"","ocean_custom_header_template":"","ocean_custom_logo":0,"ocean_custom_retina_logo":0,"ocean_custom_logo_max_width":0,"ocean_custom_logo_tablet_max_width":0,"ocean_custom_logo_mobile_max_width":0,"ocean_custom_logo_max_height":0,"ocean_custom_logo_tablet_max_height":0,"ocean_custom_logo_mobile_max_height":0,"ocean_header_custom_menu":"","ocean_menu_typo_font_family":"","ocean_menu_typo_font_subset":"","ocean_menu_typo_font_size":0,"ocean_menu_typo_font_size_tablet":0,"ocean_menu_typo_font_size_mobile":0,"ocean_menu_typo_font_size_unit":"px","ocean_menu_typo_font_weight":"","ocean_menu_typo_font_weight_tablet":"","ocean_menu_typo_font_weight_mobile":"","ocean_menu_typo_transform":"","ocean_menu_typo_transform_tablet":"","ocean_menu_typo_transform_mobile":"","ocean_menu_typo_line_height":0,"ocean_menu_typo_line_height_tablet":0,"ocean_menu_typo_line_height_mobile":0,"ocean_menu_typo_line_height_unit":"","ocean_menu_typo_spacing":0,"ocean_menu_typo_spacing_tablet":0,"ocean_menu_typo_spacing_mobile":0,"ocean_menu_typo_spacing_unit":"","ocean_menu_link_color":"","ocean_menu_link_color_hover":"","ocean_menu_link_color_active":"","ocean_menu_link_background":"","ocean_menu_link_hover_background":"","ocean_menu_link_active_background":"","ocean_menu_social_links_bg":"","ocean_menu_social_hover_links_bg":"","ocean_menu_social_links_color":"","ocean_menu_social_hover_links_color":"","ocean_disable_title":"default","ocean_disable_heading":"default","ocean_post_title":"","ocean_post_subheading":"","ocean_post_title_style":"","ocean_post_title_background_color":"","ocean_post_title_background":0,"ocean_post_title_bg_image_position":"","ocean_post_title_bg_image_attachment":"","ocean_post_title_bg_image_repeat":"","ocean_post_title_bg_image_size":"","ocean_post_title_height":0,"ocean_post_title_bg_overlay":0.5,"ocean_post_title_bg_overlay_color":"","ocean_disable_breadcrumbs":"default","ocean_breadcrumbs_color":"","ocean_breadcrumbs_separator_color":"","ocean_breadcrumbs_links_color":"","ocean_breadcrumbs_links_hover_color":"","ocean_display_footer_widgets":"default","ocean_display_footer_bottom":"default","ocean_custom_footer_template":"","footnotes":""},"class_list":["post-65","page","type-page","status-publish","hentry","entry"],"_links":{"self":[{"href":"https:\/\/digitalecommunication.com\/index.php\/wp-json\/wp\/v2\/pages\/65","targetHints":{"allow":["GET"]}}],"collection":[{"href":"https:\/\/digitalecommunication.com\/index.php\/wp-json\/wp\/v2\/pages"}],"about":[{"href":"https:\/\/digitalecommunication.com\/index.php\/wp-json\/wp\/v2\/types\/page"}],"author":[{"embeddable":true,"href":"https:\/\/digitalecommunication.com\/index.php\/wp-json\/wp\/v2\/users\/1"}],"replies":[{"embeddable":true,"href":"https:\/\/digitalecommunication.com\/index.php\/wp-json\/wp\/v2\/comments?post=65"}],"version-history":[{"count":25,"href":"https:\/\/digitalecommunication.com\/index.php\/wp-json\/wp\/v2\/pages\/65\/revisions"}],"predecessor-version":[{"id":1558,"href":"https:\/\/digitalecommunication.com\/index.php\/wp-json\/wp\/v2\/pages\/65\/revisions\/1558"}],"wp:attachment":[{"href":"https:\/\/digitalecommunication.com\/index.php\/wp-json\/wp\/v2\/media?parent=65"}],"curies":[{"name":"wp","href":"https:\/\/api.w.org\/{rel}","templated":true}]}}