{"id":1697,"date":"2024-01-22T14:39:56","date_gmt":"2024-01-22T13:39:56","guid":{"rendered":"https:\/\/digitalecommunication.com\/?page_id=1697"},"modified":"2025-05-12T17:35:17","modified_gmt":"2025-05-12T15:35:17","slug":"blog","status":"publish","type":"page","link":"https:\/\/digitalecommunication.com\/index.php\/blog\/","title":{"rendered":"Blog"},"content":{"rendered":"\t\t<div data-elementor-type=\"wp-page\" data-elementor-id=\"1697\" class=\"elementor elementor-1697\" data-elementor-post-type=\"page\">\n\t\t\t\t<div class=\"elementor-element elementor-element-166cd0a e-flex e-con-boxed e-con e-parent\" data-id=\"166cd0a\" data-element_type=\"container\" data-e-type=\"container\">\n\t\t\t\t\t<div class=\"e-con-inner\">\n\t\t\t\t<div class=\"elementor-element elementor-element-7e36015 elementor-widget__width-initial elementor-widget elementor-widget-heading\" data-id=\"7e36015\" data-element_type=\"widget\" data-e-type=\"widget\" data-widget_type=\"heading.default\">\n\t\t\t\t<div class=\"elementor-widget-container\">\n\t\t\t\t\t<h2 class=\"elementor-heading-title elementor-size-default\">BLOG<\/h2>\t\t\t\t<\/div>\n\t\t\t\t<\/div>\n\t\t\t\t<div class=\"elementor-element elementor-element-3c959cf elementor-widget elementor-widget-text-editor\" data-id=\"3c959cf\" data-element_type=\"widget\" data-e-type=\"widget\" data-widget_type=\"text-editor.default\">\n\t\t\t\t<div class=\"elementor-widget-container\">\n\t\t\t\t\t\t\t\t\t<p>Bienvenue sur mon blog d\u00e9di\u00e9 \u00e0 la cr\u00e9ation de sites web, \u00e0 la gestion technique, au design, au SEO et \u00e0 l\u2019univers du web en g\u00e9n\u00e9ral.<br data-start=\"324\" data-end=\"327\" \/>Vous y trouverez des <strong data-start=\"348\" data-end=\"370\">conseils pratiques<\/strong>, des <strong data-start=\"376\" data-end=\"398\">astuces techniques<\/strong>, des <strong data-start=\"404\" data-end=\"428\">retours d\u2019exp\u00e9rience<\/strong>, ainsi que des <strong data-start=\"444\" data-end=\"458\">actualit\u00e9s<\/strong> du web pour vous aider \u00e0 mieux comprendre les enjeux du digital.<\/p>\t\t\t\t\t\t\t\t<\/div>\n\t\t\t\t<\/div>\n\t\t\t\t\t<\/div>\n\t\t\t\t<\/div>\n\t\t<div class=\"elementor-element elementor-element-9121892 e-flex e-con-boxed e-con e-parent\" data-id=\"9121892\" data-element_type=\"container\" data-e-type=\"container\">\n\t\t\t\t\t<div class=\"e-con-inner\">\n\t\t<div class=\"elementor-element elementor-element-17d8847 e-con-full e-flex e-con e-child\" data-id=\"17d8847\" data-element_type=\"container\" data-e-type=\"container\">\n\t\t\t\t<div class=\"elementor-element elementor-element-bec63b1 elementor-widget elementor-widget-image\" data-id=\"bec63b1\" data-element_type=\"widget\" data-e-type=\"widget\" data-widget_type=\"image.default\">\n\t\t\t\t<div class=\"elementor-widget-container\">\n\t\t\t\t\t\t\t\t\t\t\t\t<figure class=\"wp-caption\">\n\t\t\t\t\t\t\t\t\t\t\t<a href=\"https:\/\/digitalecommunication.com\/index.php\/2024\/01\/22\/exemples\/\">\n\t\t\t\t\t\t\t<img data-opt-id=1238728682  fetchpriority=\"high\" decoding=\"async\" width=\"1024\" height=\"768\" src=\"https:\/\/mlhncxx4eppd.i.optimole.com\/cb:Ui2h.54aa3\/w:1024\/h:768\/q:mauto\/f:best\/https:\/\/digitalecommunication.com\/wp-content\/uploads\/2024\/01\/jess-bailey-q10VITrVYUM-unsplash-scaled.jpg\" class=\"attachment-large size-large wp-image-1831\" alt=\"\" srcset=\"https:\/\/mlhncxx4eppd.i.optimole.com\/cb:Ui2h.54aa3\/w:1440\/h:1080\/q:mauto\/f:best\/https:\/\/digitalecommunication.com\/wp-content\/uploads\/2024\/01\/jess-bailey-q10VITrVYUM-unsplash-scaled.jpg 2560w, https:\/\/mlhncxx4eppd.i.optimole.com\/cb:Ui2h.54aa3\/w:300\/h:225\/q:mauto\/f:best\/https:\/\/digitalecommunication.com\/wp-content\/uploads\/2024\/01\/jess-bailey-q10VITrVYUM-unsplash-scaled.jpg 300w, https:\/\/mlhncxx4eppd.i.optimole.com\/cb:Ui2h.54aa3\/w:1024\/h:768\/q:mauto\/f:best\/https:\/\/digitalecommunication.com\/wp-content\/uploads\/2024\/01\/jess-bailey-q10VITrVYUM-unsplash-scaled.jpg 1024w, https:\/\/mlhncxx4eppd.i.optimole.com\/cb:Ui2h.54aa3\/w:768\/h:576\/q:mauto\/f:best\/https:\/\/digitalecommunication.com\/wp-content\/uploads\/2024\/01\/jess-bailey-q10VITrVYUM-unsplash-scaled.jpg 768w, https:\/\/mlhncxx4eppd.i.optimole.com\/cb:Ui2h.54aa3\/w:1440\/h:1080\/q:mauto\/f:best\/https:\/\/digitalecommunication.com\/wp-content\/uploads\/2024\/01\/jess-bailey-q10VITrVYUM-unsplash-scaled.jpg 1536w, https:\/\/mlhncxx4eppd.i.optimole.com\/cb:Ui2h.54aa3\/w:1440\/h:1080\/q:mauto\/f:best\/https:\/\/digitalecommunication.com\/wp-content\/uploads\/2024\/01\/jess-bailey-q10VITrVYUM-unsplash-scaled.jpg 2048w\" sizes=\"(max-width: 1024px) 100vw, 1024px\" \/>\t\t\t\t\t\t\t\t<\/a>\n\t\t\t\t\t\t\t\t\t\t\t<figcaption class=\"widget-image-caption wp-caption-text\">le m\u00e9tier de webmaster freelance<\/figcaption>\n\t\t\t\t\t\t\t\t\t\t<\/figure>\n\t\t\t\t\t\t\t\t\t<\/div>\n\t\t\t\t<\/div>\n\t\t\t\t<\/div>\n\t\t<div class=\"elementor-element elementor-element-717a55e e-con-full e-flex e-con e-child\" data-id=\"717a55e\" data-element_type=\"container\" data-e-type=\"container\">\n\t\t\t\t<div class=\"elementor-element elementor-element-3a0284f elementor-widget elementor-widget-image\" data-id=\"3a0284f\" data-element_type=\"widget\" data-e-type=\"widget\" data-widget_type=\"image.default\">\n\t\t\t\t<div class=\"elementor-widget-container\">\n\t\t\t\t\t\t\t\t\t\t\t\t<figure class=\"wp-caption\">\n\t\t\t\t\t\t\t\t\t\t\t<a href=\"https:\/\/digitalecommunication.com\/index.php\/2025\/05\/12\/comment-choisir-le-bon-cms-pour-votre-site\/\">\n\t\t\t\t\t\t\t<img data-opt-id=1310040612  fetchpriority=\"high\" decoding=\"async\" width=\"1024\" height=\"769\" src=\"https:\/\/mlhncxx4eppd.i.optimole.com\/cb:Ui2h.54aa3\/w:1024\/h:769\/q:mauto\/f:best\/https:\/\/digitalecommunication.com\/wp-content\/uploads\/2024\/01\/vishnu-mohanan-pfR18JNEMv8-unsplash-scaled.jpg\" class=\"attachment-large size-large wp-image-1887\" alt=\"\" srcset=\"https:\/\/mlhncxx4eppd.i.optimole.com\/cb:Ui2h.54aa3\/w:1438\/h:1080\/q:mauto\/f:best\/https:\/\/digitalecommunication.com\/wp-content\/uploads\/2024\/01\/vishnu-mohanan-pfR18JNEMv8-unsplash-scaled.jpg 2560w, https:\/\/mlhncxx4eppd.i.optimole.com\/cb:Ui2h.54aa3\/w:300\/h:225\/q:mauto\/f:best\/https:\/\/digitalecommunication.com\/wp-content\/uploads\/2024\/01\/vishnu-mohanan-pfR18JNEMv8-unsplash-scaled.jpg 300w, https:\/\/mlhncxx4eppd.i.optimole.com\/cb:Ui2h.54aa3\/w:1024\/h:769\/q:mauto\/f:best\/https:\/\/digitalecommunication.com\/wp-content\/uploads\/2024\/01\/vishnu-mohanan-pfR18JNEMv8-unsplash-scaled.jpg 1024w, https:\/\/mlhncxx4eppd.i.optimole.com\/cb:Ui2h.54aa3\/w:768\/h:577\/q:mauto\/f:best\/https:\/\/digitalecommunication.com\/wp-content\/uploads\/2024\/01\/vishnu-mohanan-pfR18JNEMv8-unsplash-scaled.jpg 768w, https:\/\/mlhncxx4eppd.i.optimole.com\/cb:Ui2h.54aa3\/w:1438\/h:1080\/q:mauto\/f:best\/https:\/\/digitalecommunication.com\/wp-content\/uploads\/2024\/01\/vishnu-mohanan-pfR18JNEMv8-unsplash-scaled.jpg 1536w, https:\/\/mlhncxx4eppd.i.optimole.com\/cb:Ui2h.54aa3\/w:1438\/h:1080\/q:mauto\/f:best\/https:\/\/digitalecommunication.com\/wp-content\/uploads\/2024\/01\/vishnu-mohanan-pfR18JNEMv8-unsplash-scaled.jpg 2048w\" sizes=\"(max-width: 1024px) 100vw, 1024px\" \/>\t\t\t\t\t\t\t\t<\/a>\n\t\t\t\t\t\t\t\t\t\t\t<figcaption class=\"widget-image-caption wp-caption-text\">Choisir un bon CMS?<\/figcaption>\n\t\t\t\t\t\t\t\t\t\t<\/figure>\n\t\t\t\t\t\t\t\t\t<\/div>\n\t\t\t\t<\/div>\n\t\t\t\t<\/div>\n\t\t<div class=\"elementor-element elementor-element-70b0662 e-con-full e-flex e-con e-child\" data-id=\"70b0662\" data-element_type=\"container\" data-e-type=\"container\">\n\t\t\t\t<\/div>\n\t\t\t\t\t<\/div>\n\t\t\t\t<\/div>\n\t\t\t\t<\/div>\n\t\t","protected":false},"excerpt":{"rendered":"<p>BLOG Bienvenue sur mon blog d\u00e9di\u00e9 \u00e0 la cr\u00e9ation de sites web, \u00e0 la gestion technique, au design, au SEO et \u00e0 l\u2019univers du web en g\u00e9n\u00e9ral.Vous y trouverez des conseils pratiques, des astuces techniques, des retours d\u2019exp\u00e9rience, ainsi que des actualit\u00e9s du web pour vous aider \u00e0 mieux comprendre les enjeux du digital. le [&hellip;]<\/p>\n","protected":false},"author":1,"featured_media":1785,"parent":0,"menu_order":0,"comment_status":"closed","ping_status":"closed","template":"elementor_theme","meta":{"ocean_post_layout":"full-screen","ocean_both_sidebars_style":"","ocean_both_sidebars_content_width":0,"ocean_both_sidebars_sidebars_width":0,"ocean_sidebar":"","ocean_second_sidebar":"","ocean_disable_margins":"enable","ocean_add_body_class":"","ocean_shortcode_before_top_bar":"","ocean_shortcode_after_top_bar":"","ocean_shortcode_before_header":"","ocean_shortcode_after_header":"","ocean_has_shortcode":"","ocean_shortcode_after_title":"","ocean_shortcode_before_footer_widgets":"","ocean_shortcode_after_footer_widgets":"","ocean_shortcode_before_footer_bottom":"","ocean_shortcode_after_footer_bottom":"","ocean_display_top_bar":"default","ocean_display_header":"default","ocean_header_style":"","ocean_center_header_left_menu":"","ocean_custom_header_template":"","ocean_custom_logo":0,"ocean_custom_retina_logo":0,"ocean_custom_logo_max_width":0,"ocean_custom_logo_tablet_max_width":0,"ocean_custom_logo_mobile_max_width":0,"ocean_custom_logo_max_height":0,"ocean_custom_logo_tablet_max_height":0,"ocean_custom_logo_mobile_max_height":0,"ocean_header_custom_menu":"","ocean_menu_typo_font_family":"","ocean_menu_typo_font_subset":"","ocean_menu_typo_font_size":0,"ocean_menu_typo_font_size_tablet":0,"ocean_menu_typo_font_size_mobile":0,"ocean_menu_typo_font_size_unit":"px","ocean_menu_typo_font_weight":"","ocean_menu_typo_font_weight_tablet":"","ocean_menu_typo_font_weight_mobile":"","ocean_menu_typo_transform":"","ocean_menu_typo_transform_tablet":"","ocean_menu_typo_transform_mobile":"","ocean_menu_typo_line_height":0,"ocean_menu_typo_line_height_tablet":0,"ocean_menu_typo_line_height_mobile":0,"ocean_menu_typo_line_height_unit":"","ocean_menu_typo_spacing":0,"ocean_menu_typo_spacing_tablet":0,"ocean_menu_typo_spacing_mobile":0,"ocean_menu_typo_spacing_unit":"","ocean_menu_link_color":"","ocean_menu_link_color_hover":"","ocean_menu_link_color_active":"","ocean_menu_link_background":"","ocean_menu_link_hover_background":"","ocean_menu_link_active_background":"","ocean_menu_social_links_bg":"","ocean_menu_social_hover_links_bg":"","ocean_menu_social_links_color":"","ocean_menu_social_hover_links_color":"","ocean_disable_title":"default","ocean_disable_heading":"default","ocean_post_title":"","ocean_post_subheading":"","ocean_post_title_style":"","ocean_post_title_background_color":"","ocean_post_title_background":0,"ocean_post_title_bg_image_position":"","ocean_post_title_bg_image_attachment":"","ocean_post_title_bg_image_repeat":"","ocean_post_title_bg_image_size":"","ocean_post_title_height":0,"ocean_post_title_bg_overlay":0.5,"ocean_post_title_bg_overlay_color":"","ocean_disable_breadcrumbs":"default","ocean_breadcrumbs_color":"","ocean_breadcrumbs_separator_color":"","ocean_breadcrumbs_links_color":"","ocean_breadcrumbs_links_hover_color":"","ocean_display_footer_widgets":"default","ocean_display_footer_bottom":"default","ocean_custom_footer_template":"","footnotes":""},"class_list":["post-1697","page","type-page","status-publish","has-post-thumbnail","hentry","entry","has-media"],"_links":{"self":[{"href":"https:\/\/digitalecommunication.com\/index.php\/wp-json\/wp\/v2\/pages\/1697","targetHints":{"allow":["GET"]}}],"collection":[{"href":"https:\/\/digitalecommunication.com\/index.php\/wp-json\/wp\/v2\/pages"}],"about":[{"href":"https:\/\/digitalecommunication.com\/index.php\/wp-json\/wp\/v2\/types\/page"}],"author":[{"embeddable":true,"href":"https:\/\/digitalecommunication.com\/index.php\/wp-json\/wp\/v2\/users\/1"}],"replies":[{"embeddable":true,"href":"https:\/\/digitalecommunication.com\/index.php\/wp-json\/wp\/v2\/comments?post=1697"}],"version-history":[{"count":32,"href":"https:\/\/digitalecommunication.com\/index.php\/wp-json\/wp\/v2\/pages\/1697\/revisions"}],"predecessor-version":[{"id":2203,"href":"https:\/\/digitalecommunication.com\/index.php\/wp-json\/wp\/v2\/pages\/1697\/revisions\/2203"}],"wp:featuredmedia":[{"embeddable":true,"href":"https:\/\/digitalecommunication.com\/index.php\/wp-json\/wp\/v2\/media\/1785"}],"wp:attachment":[{"href":"https:\/\/digitalecommunication.com\/index.php\/wp-json\/wp\/v2\/media?parent=1697"}],"curies":[{"name":"wp","href":"https:\/\/api.w.org\/{rel}","templated":true}]}}